{"id":1087,"date":"2020-08-03T16:44:24","date_gmt":"2020-08-03T16:44:24","guid":{"rendered":"https:\/\/gkapital.pt\/?page_id=1087"},"modified":"2020-08-04T16:01:31","modified_gmt":"2020-08-04T16:01:31","slug":"os-nossos-valores","status":"publish","type":"page","link":"https:\/\/gkapital.pt\/en\/os-nossos-valores\/","title":{"rendered":"Os Nossos Valores"},"content":{"rendered":"<div class=\"fusion-fullwidth fullwidth-box nonhundred-percent-fullwidth non-hundred-percent-height-scrolling\"  style='background-color: rgba(255,255,255,0);background-position: center center;background-repeat: no-repeat;padding-top:0px;padding-bottom:200px;padding-left:30px;'><div class=\"fusion-builder-row fusion-row\"><div  class=\"fusion-layout-column fusion_builder_column fusion_builder_column_1_1 fusion-builder-column-1 fusion-one-full fusion-column-first fusion-column-last 1_1\"  style='margin-top:0px;margin-bottom:20px;'>\n\t\t\t\t\t<div class=\"fusion-column-wrapper\" style=\"padding: 0px 0px 0px 0px;background-position:left top;background-repeat:no-repeat;-webkit-background-size:cover;-moz-background-size:cover;-o-background-size:cover;background-size:cover;\"   data-bg-url=\"\">\n\t\t\t\t\t\t<div class=\"fusion-text\"><h3 style=\"color: #c1996b;\" data-fontsize=\"22\" data-lineheight=\"42\"><strong><em>Responsabilidade Social<\/em><\/strong><\/h3>\n<p align=\"justify\">A GKapital assume que a Responsabilidade \u00e9 determinante na sua atua\u00e7\u00e3o. O compromisso que temos para com a Sociedade, as Novas Gera\u00e7\u00f5es, a floresta e o ambiente guiam a nossa atua\u00e7\u00e3o em todas as nossas atividades.<\/p>\n<p>Our performance is guided by standards that ensure:<\/p>\n<ul>\n<li>Melhoria da Gest\u00e3o Florestal e dos Ecossistemas<\/li>\n<li>Combate \u00e0s Altera\u00e7\u00f5es Clim\u00e1ticas e redu\u00e7\u00e3o de riscos<\/li>\n<li>Ordenamento e desenvolvimento do territ\u00f3rio<\/li>\n<li>Promo\u00e7\u00e3o do desenvolvimento social atrav\u00e9s da melhoria da qualidade de vida das comunidades locais<\/li>\n<\/ul>\n<p align=\"justify\">A GKapital, acredita que a sua atua\u00e7\u00e3o deve liderar uma mudan\u00e7a na Gest\u00e3o Florestal e dos Territ\u00f3rios. Assegurando uma valoriza\u00e7\u00e3o de toda a cadeia de valor, uma distribui\u00e7\u00e3o equitativa de valor e uma redu\u00e7\u00e3o das assimetrias entre os diversos agentes do setor florestal.<\/p>\n<h3 style=\"text-align: left; color: rgb(193, 153, 107);\" data-fontsize=\"22\" data-lineheight=\"42\"><strong style=\"font-family: var(--h3_typography-font-family); font-size: var(--h3_typography-font-size); font-style: var(--h3_typography-font-style,normal); letter-spacing: var(--h3_typography-letter-spacing); background-color: rgba(255, 255, 255, 0);\"><em>Proteger as Florestas para proteger a Humanidade<\/em><\/strong><br \/><\/h3>\n<p align=\"justify\">O Combate \u00e0s Altera\u00e7\u00f5es Clim\u00e1ticas e a cria\u00e7\u00e3o de valor em territ\u00f3rios rurais, passa inegavelmente pela prote\u00e7\u00e3o e gest\u00e3o das Florestas. Uma gest\u00e3o florestal sustent\u00e1vel assegura n\u00e3o s\u00f3 uma prote\u00e7\u00e3o do patrim\u00f3nio florestal, bem como deve assegurar que a cria\u00e7\u00e3o de valor promove a perpetuidade das Florestas e o desenvolvimento do tecido social e econ\u00f3mico associado.<\/p>\n<p align=\"justify\"><span style=\"\" data-fusion-font=\"true\" data-fusion-google-font=\"Radley\" data-fusion-google-variant=\"400\" data-fusion-google-subset=\"latin\"><font color=\"#c1996b\" face=\"Radley\" style=\"\"><span style=\"font-size: 22px;\"><b><i><span data-fusion-font=\"true\" style=\"line-height: 42px; font-family: Raleway;\" data-fusion-google-font=\"Raleway\" data-fusion-google-variant=\"100\" data-fusion-google-subset=\"latin\">Corporate Values<\/span><\/i><\/b><\/span><\/font><\/span><\/p>\n<div style=\"text-align: left;\">\n<ul>\n<li>Excel\u00eancia ;<\/li>\n<li>Compromisso ;<\/li>\n<li>Integridade ;<\/li>\n<li>Responsabilidade ;<\/li>\n<li>Equilibrio ;<\/li>\n<li>Especializa\u00e7\u00e3o ;<\/li>\n<li>Cria\u00e7\u00e3o de Valor.<\/li>\n<\/ul>\n<\/div>\n<p align=\"justify\">\n<\/div><div class=\"fusion-clearfix\"><\/div>\n\n\t\t\t\t\t<\/div>\n\t\t\t\t<\/div><\/div><\/div>","protected":false},"excerpt":{"rendered":"","protected":false},"author":1,"featured_media":0,"parent":0,"menu_order":0,"comment_status":"closed","ping_status":"closed","template":"","meta":[],"_links":{"self":[{"href":"https:\/\/gkapital.pt\/en\/wp-json\/wp\/v2\/pages\/1087"}],"collection":[{"href":"https:\/\/gkapital.pt\/en\/wp-json\/wp\/v2\/pages"}],"about":[{"href":"https:\/\/gkapital.pt\/en\/wp-json\/wp\/v2\/types\/page"}],"author":[{"embeddable":true,"href":"https:\/\/gkapital.pt\/en\/wp-json\/wp\/v2\/users\/1"}],"replies":[{"embeddable":true,"href":"https:\/\/gkapital.pt\/en\/wp-json\/wp\/v2\/comments?post=1087"}],"version-history":[{"count":10,"href":"https:\/\/gkapital.pt\/en\/wp-json\/wp\/v2\/pages\/1087\/revisions"}],"predecessor-version":[{"id":1239,"href":"https:\/\/gkapital.pt\/en\/wp-json\/wp\/v2\/pages\/1087\/revisions\/1239"}],"wp:attachment":[{"href":"https:\/\/gkapital.pt\/en\/wp-json\/wp\/v2\/media?parent=1087"}],"curies":[{"name":"wp","href":"https:\/\/api.w.org\/{rel}","templated":true}]}}