{"id":1257,"date":"2020-08-04T18:56:43","date_gmt":"2020-08-04T18:56:43","guid":{"rendered":"https:\/\/gkapital.pt\/?page_id=1257"},"modified":"2020-08-04T18:56:43","modified_gmt":"2020-08-04T18:56:43","slug":"sobre-nos","status":"publish","type":"page","link":"https:\/\/gkapital.pt\/en\/sobre-nos\/","title":{"rendered":"About us"},"content":{"rendered":"<div class=\"fusion-fullwidth fullwidth-box nonhundred-percent-fullwidth non-hundred-percent-height-scrolling\"  style='background-color: rgba(255,255,255,0);background-position: center center;background-repeat: no-repeat;padding-top:0px;padding-bottom:200px;padding-left:30px;'><div class=\"fusion-builder-row fusion-row\"><div  class=\"fusion-layout-column fusion_builder_column fusion_builder_column_1_1 fusion-builder-column-1 fusion-one-full fusion-column-first fusion-column-last 1_1\"  style='margin-top:0px;margin-bottom:20px;'>\n\t\t\t\t\t<div class=\"fusion-column-wrapper\" style=\"padding: 0px 0px 0px 0px;background-position:left top;background-repeat:no-repeat;-webkit-background-size:cover;-moz-background-size:cover;-o-background-size:cover;background-size:cover;\"   data-bg-url=\"\">\n\t\t\t\t\t\t<div class=\"fusion-text\"><h3 style=\"color: #c1996b;\"><strong><em>\u00cdnicio1<\/em><\/strong><\/h3>\n<p align=\"justify\">A GKapital \u00e9 uma empresa criada em 2019 por uma equipa com mais de 30 anos de experi\u00eancia nacional e internacional na gest\u00e3o de recursos florestais, gest\u00e3o de risco de investimento florestal, consultoria, ordenamento do territ\u00f3rio e energia.<\/p>\n<h3 style=\"color: #c1996b;\"><strong><em>Mission<\/em><\/strong><\/h3>\n<p align=\"justify\">Assegurar que as Florestas assumem o seu papel de relev\u00e2ncia no Combate \u00e0s Altera\u00e7\u00f5es Clim\u00e1ticas e no Reequil\u00edbrio Global, atrav\u00e9s da prote\u00e7\u00e3o dos seus ecossistemas e de uma utiliza\u00e7\u00e3o respons\u00e1vel dos seus recursos.<\/p>\n<h3 style=\"color: #c1996b;\"><strong><em>Object<\/em><\/strong><\/h3>\n<p align=\"justify\">O objeto da sociedade consiste na presta\u00e7\u00e3o de servi\u00e7os de consultoria especializada na gest\u00e3o de recursos florestais, gest\u00e3o de riscos florestais, ordenamento do territ\u00f3rio e energia.<\/p>\n<h3 style=\"color: #c1996b;\"><strong><em>Social Responsibility<\/em><\/strong><\/h3>\n<p align=\"justify\">Os modelos e solu\u00e7\u00f5es de gest\u00e3o desenvolvidos pela GKapital promovem a implementa\u00e7\u00e3o de boas pr\u00e1ticas com vista \u00e0 melhoria da gest\u00e3o florestal, \u00e0 redu\u00e7\u00e3o de risco de investimento florestal, \u00e0 promo\u00e7\u00e3o de um ordenamento territorial e \u00e0 melhoria da qualidade de vida das popula\u00e7\u00f5es.<\/p>\n<h3 style=\"color: #c1996b;\"><strong><em>Sustainability<\/em><\/strong><\/h3>\n<p align=\"justify\">A GKapital est\u00e1 na vanguarda do desenvolvimento e implementa\u00e7\u00e3o de modelos e solu\u00e7\u00f5es de gest\u00e3o que assegurem uma r\u00e1pida transi\u00e7\u00e3o para um planeta sustent\u00e1vel e equilibrado.<\/p>\n<h3 style=\"color: #c1996b;\"><strong><em>Excellence<\/em><\/strong><\/h3>\n<p align=\"justify\">A GKapital compromete-se a assegurar a melhor qualidade e elevados padr\u00f5es \u00e9ticos na presta\u00e7\u00e3o de servi\u00e7os aos seus clientes.<\/p>\n<p><a href=\"https:\/\/gkapital.pt\/wp-content\/uploads\/2020\/08\/gkapital_en_verde_apresentacao.pdf\" download=\"\"><br \/>\n<img class=\"lazyload\" loading=\"lazy\" src=\"data:image\/svg+xml,%3Csvg%20xmlns%3D%27http%3A%2F%2Fwww.w3.org%2F2000%2Fsvg%27%20width%3D%27104%27%20height%3D%27142%27%20viewBox%3D%270%200%20104%20142%27%3E%3Crect%20width%3D%27104%27%20height%3D%273142%27%20fill-opacity%3D%220%22%2F%3E%3C%2Fsvg%3E\" data-orig-src=\"https:\/\/gkapital.pt\/wp-content\/uploads\/2020\/08\/833px-PDF_file_icon.svg.png\" width=\"104\" height=\"142\" \/><\/a><\/p>\n<\/div><div class=\"fusion-clearfix\"><\/div>\n\n\t\t\t\t\t<\/div>\n\t\t\t\t<\/div><\/div><\/div>","protected":false},"excerpt":{"rendered":"","protected":false},"author":1,"featured_media":0,"parent":0,"menu_order":0,"comment_status":"closed","ping_status":"closed","template":"","meta":[],"_links":{"self":[{"href":"https:\/\/gkapital.pt\/en\/wp-json\/wp\/v2\/pages\/1257"}],"collection":[{"href":"https:\/\/gkapital.pt\/en\/wp-json\/wp\/v2\/pages"}],"about":[{"href":"https:\/\/gkapital.pt\/en\/wp-json\/wp\/v2\/types\/page"}],"author":[{"embeddable":true,"href":"https:\/\/gkapital.pt\/en\/wp-json\/wp\/v2\/users\/1"}],"replies":[{"embeddable":true,"href":"https:\/\/gkapital.pt\/en\/wp-json\/wp\/v2\/comments?post=1257"}],"version-history":[{"count":5,"href":"https:\/\/gkapital.pt\/en\/wp-json\/wp\/v2\/pages\/1257\/revisions"}],"predecessor-version":[{"id":1262,"href":"https:\/\/gkapital.pt\/en\/wp-json\/wp\/v2\/pages\/1257\/revisions\/1262"}],"wp:attachment":[{"href":"https:\/\/gkapital.pt\/en\/wp-json\/wp\/v2\/media?parent=1257"}],"curies":[{"name":"wp","href":"https:\/\/api.w.org\/{rel}","templated":true}]}}