{"id":1263,"date":"2020-08-04T19:00:28","date_gmt":"2020-08-04T19:00:28","guid":{"rendered":"https:\/\/gkapital.pt\/?page_id=1263"},"modified":"2020-08-04T19:00:28","modified_gmt":"2020-08-04T19:00:28","slug":"home","status":"publish","type":"page","link":"https:\/\/gkapital.pt\/en\/home\/","title":{"rendered":"Home"},"content":{"rendered":"<p><div class=\"fusion-fullwidth fullwidth-box nonhundred-percent-fullwidth non-hundred-percent-height-scrolling\"  style='background-color: rgba(255,255,255,0);background-position: center center;background-repeat: no-repeat;padding-top:5px;padding-bottom:200px;padding-left:30px;'><div class=\"fusion-builder-row fusion-row\"><div  class=\"fusion-layout-column fusion_builder_column fusion_builder_column_1_1 fusion-builder-column-1 fusion-one-full fusion-column-first fusion-column-last 1_1\"  style='margin-top:0px;margin-bottom:20px;'>\n\t\t\t\t\t<div class=\"fusion-column-wrapper\" style=\"padding: 0px 0px 0px 0px;background-position:left top;background-repeat:no-repeat;-webkit-background-size:cover;-moz-background-size:cover;-o-background-size:cover;background-size:cover;\"   data-bg-url=\"\">\n\t\t\t\t\t\t<div class=\"fusion-text\"><p align=\"justify\">A GKAPITAL \u2013 Consulting and Investment, Lda. \u00e9 uma empresa criada em 2019 por uma equipa empreendedora e multidisciplinar com mais de 30 de experi\u00eancia nacional e internacional na consultoria e gest\u00e3o de recursos e investimento florestal e no ordenamento do territ\u00f3rio e energia.<\/p>\n<h3 style=\"text-align: left; color: #c1996b;\" data-fontsize=\"22\" data-lineheight=\"42\"><strong>O que fazemos?<\/strong><\/h3>\n<\/div><div class=\"fusion-clearfix\"><\/div>\n\n\t\t\t\t\t<\/div>\n\t\t\t\t<\/div><\/div><\/div><div class=\"fusion-fullwidth fullwidth-box nonhundred-percent-fullwidth non-hundred-percent-height-scrolling\"  style='background-color: rgba(255,255,255,0);background-position: center center;background-repeat: no-repeat;padding-top:0px;padding-bottom:200px;padding-left:30px;'><div class=\"fusion-builder-row fusion-row\"><div  class=\"fusion-layout-column fusion_builder_column fusion_builder_column_1_2 fusion-builder-column-2 fusion-one-half fusion-column-first 1_2\"  style='margin-top:0px;margin-bottom:20px;width:50%;width:calc(50% - ( ( 4% ) * 0.5 ) );margin-right: 4%;'>\n\t\t\t\t\t<div class=\"fusion-column-wrapper\" style=\"padding: 0px 0px 0px 0px;background-position:left top;background-repeat:no-repeat;-webkit-background-size:cover;-moz-background-size:cover;-o-background-size:cover;background-size:cover;\"   data-bg-url=\"\">\n\t\t\t\t\t\t<div class=\"fusion-text\"><ul>\n<li>Consultoria estrat\u00e9gica e organiza\u00e7\u00e3o empresarial<\/li>\n<li>Planeamento e Gest\u00e3o de Recursos Naturais<\/li>\n<li>Identifica\u00e7\u00e3o, cartografia e registo propriedades<\/li>\n<li>Invent\u00e1rio e Avalia\u00e7\u00e3o de recursos naturais<\/li>\n<li>Constitui\u00e7\u00e3o de EGF (Entidades Gest\u00e3o Florestal)<\/li>\n<li>Estudos de viabilidade econ\u00f3mica e modeliza\u00e7\u00e3o financeira<\/li>\n<\/ul>\n<\/div><div class=\"fusion-clearfix\"><\/div>\n\n\t\t\t\t\t<\/div>\n\t\t\t\t<\/div><div  class=\"fusion-layout-column fusion_builder_column fusion_builder_column_1_2 fusion-builder-column-3 fusion-one-half fusion-column-last 1_2\"  style='margin-top:0px;margin-bottom:20px;width:50%;width:calc(50% - ( ( 4% ) * 0.5 ) );'>\n\t\t\t\t\t<div class=\"fusion-column-wrapper\" style=\"padding: 0px 0px 0px 0px;background-position:left top;background-repeat:no-repeat;-webkit-background-size:cover;-moz-background-size:cover;-o-background-size:cover;background-size:cover;\"   data-bg-url=\"\">\n\t\t\t\t\t\t<div class=\"fusion-text\"><ul>\n<li>Ordenamento do Territ\u00f3rio (PROF e PDM)<\/li>\n<li>Planos Municipais de Defesa da Floresta Contra Inc\u00eandios<\/li>\n<li>Licenciamento Industrial<\/li>\n<li>Licenciamento \u00fanico ambiental<\/li>\n<li>Estudos t\u00e9cnicos e projetos de engenharia<\/li>\n<li>Estudos Espec\u00edficos<\/li>\n<\/ul>\n<\/div><div class=\"fusion-clearfix\"><\/div>\n\n\t\t\t\t\t<\/div>\n\t\t\t\t<\/div><\/div><\/div><div class=\"fusion-fullwidth fullwidth-box nonhundred-percent-fullwidth non-hundred-percent-height-scrolling\"  style='background-color: rgba(255,255,255,0);background-position: center center;background-repeat: no-repeat;padding-top:0px;padding-bottom:200px;padding-left:30px;'><div class=\"fusion-builder-row fusion-row\"><div  class=\"fusion-layout-column fusion_builder_column fusion_builder_column_1_1 fusion-builder-column-4 fusion-one-full fusion-column-first fusion-column-last 1_1\"  style='margin-top:0px;margin-bottom:0px;'>\n\t\t\t\t\t<div class=\"fusion-column-wrapper\" style=\"padding: 0px 0px 0px 0px;background-position:left top;background-repeat:no-repeat;-webkit-background-size:cover;-moz-background-size:cover;-o-background-size:cover;background-size:cover;\"   data-bg-url=\"\">\n\t\t\t\t\t\t<div class=\"fusion-text\"><h3 style=\"color: #c1996b;\" data-fontsize=\"22\" data-lineheight=\"42\"><strong><img loading=\"lazy\" class=\"lazyload  wp-image-708 alignleft\" src=\"https:\/\/gkapital.pt\/wp-content\/uploads\/2019\/09\/Save-Earth-Free-PNG-Image-300x225.png\" data-orig-src=\"https:\/\/gkapital.pt\/wp-content\/uploads\/2019\/09\/Save-Earth-Free-PNG-Image-300x225.png\" alt=\"\" width=\"371\" height=\"278\" srcset=\"data:image\/svg+xml,%3Csvg%20xmlns%3D%27http%3A%2F%2Fwww.w3.org%2F2000%2Fsvg%27%20width%3D%27371%27%20height%3D%27278%27%20viewBox%3D%270%200%20371%20278%27%3E%3Crect%20width%3D%27371%27%20height%3D%273278%27%20fill-opacity%3D%220%22%2F%3E%3C%2Fsvg%3E\" data-srcset=\"https:\/\/gkapital.pt\/wp-content\/uploads\/2019\/09\/Save-Earth-Free-PNG-Image-200x150.png 200w, https:\/\/gkapital.pt\/wp-content\/uploads\/2019\/09\/Save-Earth-Free-PNG-Image-300x225.png 300w, https:\/\/gkapital.pt\/wp-content\/uploads\/2019\/09\/Save-Earth-Free-PNG-Image-400x300.png 400w, https:\/\/gkapital.pt\/wp-content\/uploads\/2019\/09\/Save-Earth-Free-PNG-Image-600x450.png 600w, https:\/\/gkapital.pt\/wp-content\/uploads\/2019\/09\/Save-Earth-Free-PNG-Image-768x576.png 768w, https:\/\/gkapital.pt\/wp-content\/uploads\/2019\/09\/Save-Earth-Free-PNG-Image-800x600.png 800w, https:\/\/gkapital.pt\/wp-content\/uploads\/2019\/09\/Save-Earth-Free-PNG-Image-1024x768.png 1024w, https:\/\/gkapital.pt\/wp-content\/uploads\/2019\/09\/Save-Earth-Free-PNG-Image-1200x900.png 1200w, https:\/\/gkapital.pt\/wp-content\/uploads\/2019\/09\/Save-Earth-Free-PNG-Image.png 1592w\" data-sizes=\"auto\" data-orig-sizes=\"(max-width: 371px) 100vw, 371px\" \/><span style=\"color: #c1996b;\">Vision<\/span><\/strong><\/h3>\n<p align=\"justify\">Criar valor em tudo o que fazemos! Protegendo a Floresta e o territ\u00f3rio protegemos a humanidade !!!<br \/>\n<span style=\"font-style: var(--h3_typography-font-style,normal); letter-spacing: var(--h3_typography-letter-spacing); background-color: rgba(255, 255, 255, 0);\"><b style=\"color: #c1996b; font-family: var(--h3_typography-font-family); font-size: var(--h3_typography-font-size);\">Mission<\/b><span style=\"color: #c1996b; font-family: Raleway, Arial, Helvetica, sans-serif;\"><span style=\"font-size: 22px;\"><b><br \/>\n<\/b><\/span><\/span><\/span>Ser a consultora referencia em Portugal na \u00e1rea do sector florestal e do ordenamento do territ\u00f3rio.<span style=\"background-color: rgba(255, 255, 255, 0); font-family: var(--body_typography-font-family); font-style: var(--body_typography-font-style,normal); letter-spacing: var(--body_typography-letter-spacing);\"><br \/>\n<\/span><span style=\"background-color: rgba(255, 255, 255, 0); font-family: var(--body_typography-font-family); font-style: var(--body_typography-font-style,normal); letter-spacing: var(--body_typography-letter-spacing);\"><b style=\"color: #c1996b; font-size: 22px;\">Sustainability<\/b><span style=\"color: #c1996b;\"><span style=\"font-size: 22px;\"><b><br \/>\n<\/b><\/span><\/span><\/span><span style=\"background-color: rgba(255, 255, 255, 0); color: var(--body_typography-color); font-family: var(--body_typography-font-family); font-size: var(--body_typography-font-size); font-style: var(--body_typography-font-style,normal); font-weight: var(--body_typography-font-weight); letter-spacing: var(--body_typography-letter-spacing);\">Assegurar que as Florestas assumem o seu papel de relev\u00e2ncia no Combate \u00e0s Altera\u00e7\u00f5es Clim\u00e1ticas e no Reequil\u00edbrio Global, atrav\u00e9s da prote\u00e7\u00e3o dos seus ecossistemas e de uma utiliza\u00e7\u00e3o respons\u00e1vel dos seus recursos.<\/span><\/p>\n<h3 data-fontsize=\"22\" data-lineheight=\"42\"><\/h3>\n<h3 data-fontsize=\"22\" data-lineheight=\"42\"><\/h3>\n<h3 style=\"color: #c1996b;\" data-fontsize=\"22\" data-lineheight=\"42\"><\/h3>\n<\/div><div class=\"fusion-clearfix\"><\/div>\n\n\t\t\t\t\t<\/div>\n\t\t\t\t<\/div><\/div><\/div><\/p>","protected":false},"excerpt":{"rendered":"","protected":false},"author":1,"featured_media":0,"parent":0,"menu_order":0,"comment_status":"closed","ping_status":"open","template":"100-width.php","meta":[],"_links":{"self":[{"href":"https:\/\/gkapital.pt\/en\/wp-json\/wp\/v2\/pages\/1263"}],"collection":[{"href":"https:\/\/gkapital.pt\/en\/wp-json\/wp\/v2\/pages"}],"about":[{"href":"https:\/\/gkapital.pt\/en\/wp-json\/wp\/v2\/types\/page"}],"author":[{"embeddable":true,"href":"https:\/\/gkapital.pt\/en\/wp-json\/wp\/v2\/users\/1"}],"replies":[{"embeddable":true,"href":"https:\/\/gkapital.pt\/en\/wp-json\/wp\/v2\/comments?post=1263"}],"version-history":[{"count":3,"href":"https:\/\/gkapital.pt\/en\/wp-json\/wp\/v2\/pages\/1263\/revisions"}],"predecessor-version":[{"id":1499,"href":"https:\/\/gkapital.pt\/en\/wp-json\/wp\/v2\/pages\/1263\/revisions\/1499"}],"wp:attachment":[{"href":"https:\/\/gkapital.pt\/en\/wp-json\/wp\/v2\/media?parent=1263"}],"curies":[{"name":"wp","href":"https:\/\/api.w.org\/{rel}","templated":true}]}}